{"id":190,"date":"2025-02-05T12:25:08","date_gmt":"2025-02-05T12:25:08","guid":{"rendered":"https:\/\/etudemounir.ch\/office-notarial\/"},"modified":"2025-05-13T07:06:32","modified_gmt":"2025-05-13T07:06:32","slug":"office-notarial","status":"publish","type":"page","link":"https:\/\/etudemounir.ch\/fr\/office-notarial\/","title":{"rendered":"Notariat"},"content":{"rendered":"<p>[et_pb_section fb_built=\u00a0\u00bb1&Prime; admin_label=\u00a0\u00bbFeatures\u00a0\u00bb _builder_version=\u00a0\u00bb4.27.4&Prime; _module_preset=\u00a0\u00bbdefault\u00a0\u00bb background_color=\u00a0\u00bbRGBA(255,255,255,0)\u00a0\u00bb custom_padding=\u00a0\u00bb2px|||||\u00a0\u00bb saved_tabs=\u00a0\u00bball\u00a0\u00bb collapsed=\u00a0\u00bbon\u00a0\u00bb global_colors_info=\u00a0\u00bb{}\u00a0\u00bb][et_pb_row column_structure=\u00a0\u00bb1_5,1_5,3_5&Prime; _builder_version=\u00a0\u00bb4.27.4&Prime; _module_preset=\u00a0\u00bbdefault\u00a0\u00bb custom_padding=\u00a0\u00bb0px||2px|||\u00a0\u00bb global_colors_info=\u00a0\u00bb{}\u00a0\u00bb][et_pb_column type=\u00a0\u00bb1_5&Prime; _builder_version=\u00a0\u00bb4.27.4&Prime; _module_preset=\u00a0\u00bbdefault\u00a0\u00bb global_colors_info=\u00a0\u00bb{}\u00a0\u00bb][et_pb_image src=\u00a0\u00bbhttps:\/\/etudemounir.ch\/wp-content\/uploads\/2025\/05\/nadine-mounir-notarin.png\u00a0\u00bb title_text=\u00a0\u00bbnadine-mounir-notarin\u00a0\u00bb _builder_version=\u00a0\u00bb4.27.4&Prime; _module_preset=\u00a0\u00bbdefault\u00a0\u00bb width=\u00a0\u00bb61%\u00a0\u00bb width_tablet=\u00a0\u00bb61%\u00a0\u00bb width_phone=\u00a0\u00bb50%\u00a0\u00bb width_last_edited=\u00a0\u00bbon|phone\u00a0\u00bb custom_margin=\u00a0\u00bb200%||||false|false\u00a0\u00bb custom_margin_tablet=\u00a0\u00bb200%||||false|false\u00a0\u00bb custom_margin_phone=\u00a0\u00bb10%||||false|false\u00a0\u00bb custom_margin_last_edited=\u00a0\u00bbon|phone\u00a0\u00bb global_colors_info=\u00a0\u00bb{}\u00a0\u00bb][\/et_pb_image][\/et_pb_column][et_pb_column type=\u00a0\u00bb1_5&Prime; _builder_version=\u00a0\u00bb4.27.4&Prime; _module_preset=\u00a0\u00bbdefault\u00a0\u00bb z_index=\u00a0\u00bb500&Prime; global_colors_info=\u00a0\u00bb{}\u00a0\u00bb][et_pb_image src=\u00a0\u00bbhttps:\/\/etudemounir.ch\/wp-content\/uploads\/2025\/05\/nadine-mounir-notaire-sierre-1.jpg\u00a0\u00bb title_text=\u00a0\u00bbnadine-mounir-notaire-sierre\u00a0\u00bb disabled_on=\u00a0\u00bbon|off|off\u00a0\u00bb _builder_version=\u00a0\u00bb4.27.4&Prime; _module_preset=\u00a0\u00bbdefault\u00a0\u00bb transform_translate=\u00a0\u00bb80px|234px\u00a0\u00bb z_index=\u00a0\u00bb500&Prime; global_colors_info=\u00a0\u00bb{}\u00a0\u00bb][\/et_pb_image][\/et_pb_column][et_pb_column type=\u00a0\u00bb3_5&Prime; _builder_version=\u00a0\u00bb4.27.4&Prime; _module_preset=\u00a0\u00bbdefault\u00a0\u00bb global_colors_info=\u00a0\u00bb{}\u00a0\u00bb][et_pb_image src=\u00a0\u00bbhttps:\/\/etudemounir.ch\/wp-content\/uploads\/2025\/02\/AdobeStock_528024754-scaled.jpeg\u00a0\u00bb title_text=\u00a0\u00bbEtude Mounir &#8211; Barreau, Notariat, M\u00e9diation\u00a0\u00bb disabled_on=\u00a0\u00bbon|off|off\u00a0\u00bb _builder_version=\u00a0\u00bb4.27.4&Prime; _module_preset=\u00a0\u00bbdefault\u00a0\u00bb global_colors_info=\u00a0\u00bb{}\u00a0\u00bb][\/et_pb_image][\/et_pb_column][\/et_pb_row][et_pb_row column_structure=\u00a0\u00bb1_2,1_2&Prime; _builder_version=\u00a0\u00bb4.19.0&Prime; _module_preset=\u00a0\u00bbdefault\u00a0\u00bb custom_padding=\u00a0\u00bb3px|||||\u00a0\u00bb global_colors_info=\u00a0\u00bb{}\u00a0\u00bb][et_pb_column type=\u00a0\u00bb1_2&Prime; _builder_version=\u00a0\u00bb4.19.0&Prime; _module_preset=\u00a0\u00bbdefault\u00a0\u00bb global_colors_info=\u00a0\u00bb{}\u00a0\u00bb][et_pb_text _builder_version=\u00a0\u00bb4.27.4&Prime; _module_preset=\u00a0\u00bb50979087-008b-48ea-b179-288bb8e7f582&Prime; text_text_color=\u00a0\u00bb#FFFFFF\u00a0\u00bb header_text_color=\u00a0\u00bb#FFFFFF\u00a0\u00bb header_2_text_color=\u00a0\u00bbgcid-9fa4a1b6-767d-41ca-984c-a6f10449c843&Prime; global_colors_info=\u00a0\u00bb{%22gcid-9fa4a1b6-767d-41ca-984c-a6f10449c843%22:%91%22header_2_text_color%22%93}\u00a0\u00bb]<\/p>\n<h2><span style=\"color: #000000;\">Notariat<\/span><\/h2>\n<p>[\/et_pb_text][et_pb_text _builder_version=\u00a0\u00bb4.27.4&Prime; _module_preset=\u00a0\u00bb86ea201a-cb23-448e-b08e-1937a780964f\u00a0\u00bb max_width=\u00a0\u00bb380px\u00a0\u00bb custom_margin=\u00a0\u00bb||30px||false|false\u00a0\u00bb global_colors_info=\u00a0\u00bb{}\u00a0\u00bb]<\/p>\n<p><span>En tant que notaire bilingue <\/span><span><strong>notaire<\/strong> <\/span><span>avec une longue exp\u00e9rience professionnelle, je suis \u00e0 votre disposition pour vous conseiller et authentifier tous les actes juridiques pour lesquels un acte authentique est requis par la loi ou souhait\u00e9 par les parties.<\/span><\/p>\n<p>[\/et_pb_text][et_pb_text _builder_version=\u00a0\u00bb4.27.4&Prime; _module_preset=\u00a0\u00bb86ea201a-cb23-448e-b08e-1937a780964f\u00a0\u00bb link_font=\u00a0\u00bb|600|||||||\u00a0\u00bb link_text_color=\u00a0\u00bbgcid-3a379ca8-6bf9-434c-8a61-08511851f29f\u00a0\u00bb max_width=\u00a0\u00bb380px\u00a0\u00bb custom_margin=\u00a0\u00bb||30px||false|false\u00a0\u00bb global_colors_info=\u00a0\u00bb{%22gcid-9fa4a1b6-767d-41ca-984c-a6f10449c843%22:%91%22text_text_color%22%93,%22gcid-3a379ca8-6bf9-434c-8a61-08511851f29f%22:%91%22link_text_color%22%93}\u00a0\u00bb]<\/p>\n<p><strong>Si vous \u00eates int\u00e9ress\u00e9 ou si vous avez des questions, <span style=\"text-decoration: underline;\"><a href=\"https:\/\/etudemounir.ch\/fr\/contact\/\" target=\"_blank\" rel=\"noopener\">n&rsquo;h\u00e9sitez pas \u00e0 me contacter sans engagement<\/a>. <\/span> <\/strong><\/p>\n<p>[\/et_pb_text][\/et_pb_column][et_pb_column type=\u00a0\u00bb1_2&Prime; _builder_version=\u00a0\u00bb4.19.0&Prime; _module_preset=\u00a0\u00bbdefault\u00a0\u00bb global_colors_info=\u00a0\u00bb{}\u00a0\u00bb][et_pb_text _builder_version=\u00a0\u00bb4.27.4&Prime; _module_preset=\u00a0\u00bb50979087-008b-48ea-b179-288bb8e7f582&Prime; header_2_font_size=\u00a0\u00bb36px\u00a0\u00bb custom_margin=\u00a0\u00bb90px||||false|false\u00a0\u00bb custom_margin_tablet=\u00a0\u00bb90px||||false|false\u00a0\u00bb custom_margin_phone=\u00a0\u00bb90px||||false|false\u00a0\u00bb custom_margin_last_edited=\u00a0\u00bbon|desktop\u00a0\u00bb global_colors_info=\u00a0\u00bb{}\u00a0\u00bb]<\/p>\n<h2>Je stipule <span style=\"color: #29487e;\"><strong><span style=\"font-size: medium;\">(liste non exhaustive)<\/span><\/strong><\/span><\/h2>\n<p>[\/et_pb_text][et_pb_blurb title=\u00a0\u00bbTransfert de propri\u00e9t\u00e9 de biens immobiliers\u00a0\u00bb use_icon=\u00a0\u00bbon\u00a0\u00bb font_icon=\u00a0\u00bb&#xe052;||divi||400&Prime; icon_color=\u00a0\u00bbgcid-3a379ca8-6bf9-434c-8a61-08511851f29f\u00a0\u00bb image_icon_background_color=\u00a0\u00bbRGBA(255,255,255,0)\u00a0\u00bb _builder_version=\u00a0\u00bb4.27.4&Prime; _module_preset=\u00a0\u00bb20149418-ed31-49be-890b-123dd5774d56&Prime; header_line_height=\u00a0\u00bb1em\u00a0\u00bb body_line_height=\u00a0\u00bb1.4em\u00a0\u00bb locked=\u00a0\u00bboff\u00a0\u00bb global_colors_info=\u00a0\u00bb{%22gcid-3a379ca8-6bf9-434c-8a61-08511851f29f%22:%91%22icon_color%22,%22icon_color%22,%22icon_color%22%93}\u00a0\u00bb]<\/p>\n<p><span>Contrats de vente \/ contrats de donation \/ contrats d&rsquo;\u00e9change \/ avancements d&rsquo;hoirie, etc.<\/span><\/p>\n<p>[\/et_pb_blurb][et_pb_blurb title=\u00a0\u00bbR\u00e8glement de la succession \/ Partage \u00a0\u00bb use_icon=\u00a0\u00bbon\u00a0\u00bb font_icon=\u00a0\u00bb&#xe052;||divi||400&Prime; icon_color=\u00a0\u00bbgcid-3a379ca8-6bf9-434c-8a61-08511851f29f\u00a0\u00bb image_icon_background_color=\u00a0\u00bbRGBA(255,255,255,0)\u00a0\u00bb _builder_version=\u00a0\u00bb4.27.4&Prime; _module_preset=\u00a0\u00bb20149418-ed31-49be-890b-123dd5774d56&Prime; header_line_height=\u00a0\u00bb1em\u00a0\u00bb body_line_height=\u00a0\u00bb1.4em\u00a0\u00bb locked=\u00a0\u00bboff\u00a0\u00bb global_colors_info=\u00a0\u00bb{%22gcid-3a379ca8-6bf9-434c-8a61-08511851f29f%22:%91%22icon_color%22,%22icon_color%22,%22icon_color%22,%22icon_color%22,%22icon_color%22%93}\u00a0\u00bb][\/et_pb_blurb][et_pb_blurb title=\u00a0\u00bbConstitution \/ Modification de la propri\u00e9t\u00e9 par \u00e9tage\u00a0\u00bb use_icon=\u00a0\u00bbon\u00a0\u00bb font_icon=\u00a0\u00bb&#xe052;||divi||400&Prime; icon_color=\u00a0\u00bbgcid-3a379ca8-6bf9-434c-8a61-08511851f29f\u00a0\u00bb image_icon_background_color=\u00a0\u00bbRGBA(255,255,255,0)\u00a0\u00bb _builder_version=\u00a0\u00bb4.27.4&Prime; _module_preset=\u00a0\u00bb20149418-ed31-49be-890b-123dd5774d56&Prime; header_line_height=\u00a0\u00bb1em\u00a0\u00bb body_line_height=\u00a0\u00bb1.4em\u00a0\u00bb locked=\u00a0\u00bboff\u00a0\u00bb global_colors_info=\u00a0\u00bb{%22gcid-3a379ca8-6bf9-434c-8a61-08511851f29f%22:%91%22icon_color%22,%22icon_color%22,%22icon_color%22,%22icon_color%22,%22icon_color%22,%22icon_color%22%93}\u00a0\u00bb][\/et_pb_blurb][et_pb_blurb title=\u00a0\u00bbConstitution \/ Modification de servitudes\u00a0\u00bb use_icon=\u00a0\u00bbon\u00a0\u00bb font_icon=\u00a0\u00bb&#xe052;||divi||400&Prime; icon_color=\u00a0\u00bbgcid-3a379ca8-6bf9-434c-8a61-08511851f29f\u00a0\u00bb image_icon_background_color=\u00a0\u00bbRGBA(255,255,255,0)\u00a0\u00bb _builder_version=\u00a0\u00bb4.27.4&Prime; _module_preset=\u00a0\u00bb20149418-ed31-49be-890b-123dd5774d56&Prime; header_line_height=\u00a0\u00bb1em\u00a0\u00bb body_line_height=\u00a0\u00bb1.4em\u00a0\u00bb locked=\u00a0\u00bboff\u00a0\u00bb global_colors_info=\u00a0\u00bb{%22gcid-3a379ca8-6bf9-434c-8a61-08511851f29f%22:%91%22icon_color%22,%22icon_color%22,%22icon_color%22,%22icon_color%22,%22icon_color%22,%22icon_color%22%93}\u00a0\u00bb]<\/p>\n<p>y compris usufruit, droit d&rsquo;habitation, droit de superficie<\/p>\n<p>[\/et_pb_blurb][et_pb_blurb title=\u00a0\u00bbContrats de gage immobilier\u00a0\u00bb use_icon=\u00a0\u00bbon\u00a0\u00bb font_icon=\u00a0\u00bb&#xe052;||divi||400&Prime; icon_color=\u00a0\u00bbgcid-3a379ca8-6bf9-434c-8a61-08511851f29f\u00a0\u00bb image_icon_background_color=\u00a0\u00bbRGBA(255,255,255,0)\u00a0\u00bb _builder_version=\u00a0\u00bb4.27.4&Prime; _module_preset=\u00a0\u00bb20149418-ed31-49be-890b-123dd5774d56&Prime; header_line_height=\u00a0\u00bb1em\u00a0\u00bb body_line_height=\u00a0\u00bb1.4em\u00a0\u00bb locked=\u00a0\u00bboff\u00a0\u00bb global_colors_info=\u00a0\u00bb{%22gcid-3a379ca8-6bf9-434c-8a61-08511851f29f%22:%91%22icon_color%22,%22icon_color%22,%22icon_color%22,%22icon_color%22,%22icon_color%22,%22icon_color%22%93}\u00a0\u00bb][\/et_pb_blurb][et_pb_blurb title=\u00a0\u00bbDispositions de derni\u00e8res volont\u00e9s \u00a0\u00bb use_icon=\u00a0\u00bbon\u00a0\u00bb font_icon=\u00a0\u00bb&#xe052;||divi||400&Prime; icon_color=\u00a0\u00bbgcid-3a379ca8-6bf9-434c-8a61-08511851f29f\u00a0\u00bb image_icon_background_color=\u00a0\u00bbRGBA(255,255,255,0)\u00a0\u00bb _builder_version=\u00a0\u00bb4.27.4&Prime; _module_preset=\u00a0\u00bb20149418-ed31-49be-890b-123dd5774d56&Prime; header_line_height=\u00a0\u00bb1em\u00a0\u00bb body_line_height=\u00a0\u00bb1.4em\u00a0\u00bb locked=\u00a0\u00bboff\u00a0\u00bb global_colors_info=\u00a0\u00bb{%22gcid-3a379ca8-6bf9-434c-8a61-08511851f29f%22:%91%22icon_color%22,%22icon_color%22,%22icon_color%22%93}\u00a0\u00bb]<\/p>\n<p>Pactes successoraux, Pactes de re<span>nonciation \u00e0 la succession, T<\/span>estaments<\/p>\n<p>[\/et_pb_blurb][et_pb_blurb title=\u00a0\u00bbContrats de mariage \/ Mandats pour cause d&rsquo;inaptitude\u00a0\u00bb use_icon=\u00a0\u00bbon\u00a0\u00bb font_icon=\u00a0\u00bb&#xe052;||divi||400&Prime; icon_color=\u00a0\u00bbgcid-3a379ca8-6bf9-434c-8a61-08511851f29f\u00a0\u00bb image_icon_background_color=\u00a0\u00bbRGBA(255,255,255,0)\u00a0\u00bb _builder_version=\u00a0\u00bb4.27.4&Prime; _module_preset=\u00a0\u00bb20149418-ed31-49be-890b-123dd5774d56&Prime; header_line_height=\u00a0\u00bb1em\u00a0\u00bb body_line_height=\u00a0\u00bb1.4em\u00a0\u00bb locked=\u00a0\u00bboff\u00a0\u00bb global_colors_info=\u00a0\u00bb{%22gcid-3a379ca8-6bf9-434c-8a61-08511851f29f%22:%91%22icon_color%22,%22icon_color%22,%22icon_color%22,%22icon_color%22,%22icon_color%22,%22icon_color%22%93}\u00a0\u00bb][\/et_pb_blurb][et_pb_blurb title=\u00a0\u00bbConstitution de soci\u00e9t\u00e9s \/ Modifications de soci\u00e9t\u00e9s\u00a0\u00bb use_icon=\u00a0\u00bbon\u00a0\u00bb font_icon=\u00a0\u00bb&#xe052;||divi||400&Prime; icon_color=\u00a0\u00bbgcid-3a379ca8-6bf9-434c-8a61-08511851f29f\u00a0\u00bb image_icon_background_color=\u00a0\u00bbRGBA(255,255,255,0)\u00a0\u00bb _builder_version=\u00a0\u00bb4.27.4&Prime; _module_preset=\u00a0\u00bb20149418-ed31-49be-890b-123dd5774d56&Prime; header_line_height=\u00a0\u00bb1em\u00a0\u00bb body_line_height=\u00a0\u00bb1.4em\u00a0\u00bb locked=\u00a0\u00bboff\u00a0\u00bb global_colors_info=\u00a0\u00bb{%22gcid-3a379ca8-6bf9-434c-8a61-08511851f29f%22:%91%22icon_color%22,%22icon_color%22,%22icon_color%22,%22icon_color%22,%22icon_color%22,%22icon_color%22,%22icon_color%22,%22icon_color%22,%22icon_color%22%93}\u00a0\u00bb][\/et_pb_blurb][et_pb_blurb title=\u00a0\u00bbProcurations, L\u00e9galisations, etc.\u00a0\u00bb use_icon=\u00a0\u00bbon\u00a0\u00bb font_icon=\u00a0\u00bb&#xe052;||divi||400&Prime; icon_color=\u00a0\u00bbgcid-3a379ca8-6bf9-434c-8a61-08511851f29f\u00a0\u00bb image_icon_background_color=\u00a0\u00bbRGBA(255,255,255,0)\u00a0\u00bb _builder_version=\u00a0\u00bb4.27.4&Prime; _module_preset=\u00a0\u00bb20149418-ed31-49be-890b-123dd5774d56&Prime; header_line_height=\u00a0\u00bb1em\u00a0\u00bb body_line_height=\u00a0\u00bb1.4em\u00a0\u00bb custom_padding=\u00a0\u00bb7px||12px|||\u00a0\u00bb locked=\u00a0\u00bboff\u00a0\u00bb global_colors_info=\u00a0\u00bb{%22gcid-3a379ca8-6bf9-434c-8a61-08511851f29f%22:%91%22icon_color%22,%22icon_color%22,%22icon_color%22,%22icon_color%22,%22icon_color%22,%22icon_color%22%93}\u00a0\u00bb][\/et_pb_blurb][\/et_pb_column][\/et_pb_row][\/et_pb_section]<\/p>\n","protected":false},"excerpt":{"rendered":"<p>NotariatEn tant que notaire bilingue notaire avec une longue exp\u00e9rience professionnelle, je suis \u00e0 votre disposition pour vous conseiller et authentifier tous les actes juridiques pour lesquels un acte authentique est requis par la loi ou souhait\u00e9 par les parties.Si vous \u00eates int\u00e9ress\u00e9 ou si vous avez des questions, n&rsquo;h\u00e9sitez pas \u00e0 me contacter sans [&hellip;]<\/p>\n","protected":false},"author":1,"featured_media":0,"parent":0,"menu_order":0,"comment_status":"closed","ping_status":"closed","template":"","meta":{"_et_pb_use_builder":"on","_et_pb_old_content":"","_et_gb_content_width":"","footnotes":""},"class_list":["post-190","page","type-page","status-publish","hentry"],"_links":{"self":[{"href":"https:\/\/etudemounir.ch\/fr\/wp-json\/wp\/v2\/pages\/190","targetHints":{"allow":["GET"]}}],"collection":[{"href":"https:\/\/etudemounir.ch\/fr\/wp-json\/wp\/v2\/pages"}],"about":[{"href":"https:\/\/etudemounir.ch\/fr\/wp-json\/wp\/v2\/types\/page"}],"author":[{"embeddable":true,"href":"https:\/\/etudemounir.ch\/fr\/wp-json\/wp\/v2\/users\/1"}],"replies":[{"embeddable":true,"href":"https:\/\/etudemounir.ch\/fr\/wp-json\/wp\/v2\/comments?post=190"}],"version-history":[{"count":21,"href":"https:\/\/etudemounir.ch\/fr\/wp-json\/wp\/v2\/pages\/190\/revisions"}],"predecessor-version":[{"id":746,"href":"https:\/\/etudemounir.ch\/fr\/wp-json\/wp\/v2\/pages\/190\/revisions\/746"}],"wp:attachment":[{"href":"https:\/\/etudemounir.ch\/fr\/wp-json\/wp\/v2\/media?parent=190"}],"curies":[{"name":"wp","href":"https:\/\/api.w.org\/{rel}","templated":true}]}}